{"id":12,"date":"2021-09-30T10:43:24","date_gmt":"2021-09-30T10:43:24","guid":{"rendered":"https:\/\/pensiuneavoiaj.ro\/?page_id=12"},"modified":"2025-05-02T09:04:14","modified_gmt":"2025-05-02T09:04:14","slug":"acasa","status":"publish","type":"page","link":"https:\/\/pensiuneavoiaj.ro\/de\/","title":{"rendered":"Cazare Timisoara, Pensiuni Timisoara"},"content":{"rendered":"<p>Pensiunea Voiaj<\/p>\n<h2>\n\t\t\t\t\tUnterkunft Timisoara Rein, einfach, essentiell<br \/>\n\t\t\t\t<\/h2>\n<p>Ob Sie gesch\u00e4ftswegen in Timisoara kamen, oder falls Sie einige Tage im Kleinen Wien verbringen wollen, steht Ihnen. Pensiunea Voiaj zur Verf\u00fcgung mit Diensten Typ Pension, bei besonderer Qualit\u00e4t. Die gro\u00dfen, r\u00e4umigen, v\u00f6llig ausgestatteten und modernen Zimmern bieten Ihnen die Bequemlichkeit der eigenen Wohnung.<\/p>\n<p><em><strong>Rein, einfach, essentiell!<\/strong><\/em><\/p>\n<p>\t\t\t\t\t\t\t<a href=\"https:\/\/pensiuneavoiaj.ro\/de\/despre-noi\/\" ><br \/>\n\t\t\t\t\t\u00dcber uns\t\t\t\t<\/a><br \/>\n\t\t\t\t\t\t\t<a href=\"https:\/\/pensiuneavoiaj.ro\/de\/contact\/\" ><br \/>\n\t\t\t\t\tContact\t\t\t\t<\/a><\/p>\n<h2>\n\t\t\t\t\tDienste:<br \/>\n\t\t\t\t<\/h2>\n<p><strong>Pensiunea Voiaj<\/strong> bietet ihren Kunden auch folgende zus\u00e4tzliche Dienste an :<\/p>\n<p>\t\t\t        <!-- link opening --><br \/>\n                <a href=\"#\" target=\"_self\" rel=\"noopener\"><br \/>\n                <!-- end link opening --><\/p>\n<h2>\n                    Parkplatz                <\/h2>\n<p>                <\/a><br \/>\n\t\t\t        <!-- link opening --><br \/>\n                <a href=\"#\" target=\"_self\" rel=\"noopener\"><br \/>\n                <!-- end link opening --><\/p>\n<h2>\n                    Klimaanlage                <\/h2>\n<p>                <\/a><br \/>\n\t\t\t        <!-- link opening --><br \/>\n                <a href=\"#\" target=\"_self\" rel=\"noopener\"><br \/>\n                <!-- end link opening --><\/p>\n<h3>\n                    Empfang                 <\/h3>\n<p>                <\/a><br \/>\n\t\t\t        <!-- link opening --><br \/>\n                <a href=\"#\" target=\"_self\" rel=\"noopener\"><br \/>\n                <!-- end link opening --><\/p>\n<h3>\n                    Taxibestellung                <\/h3>\n<p>                <\/a><br \/>\n\t\t\t        <!-- link opening --><br \/>\n                <a href=\"#\" target=\"_self\" rel=\"noopener\"><br \/>\n                <!-- end link opening --><\/p>\n<h3>\n                    Pizzabestellung\/Catering bestellen                <\/h3>\n<p>                <\/a><br \/>\n\t\t\t        <!-- link opening --><br \/>\n                <a href=\"#\" target=\"_self\" rel=\"noopener\"><br \/>\n                <!-- end link opening --><\/p>\n<h3>\n                    Wi-fi                 <\/h3>\n<p>                <\/a><\/p>\n<h2>\n\t\t\t\t\t\u00dcber uns &#8211; Pensiunea Voiaj Timisoara<br \/>\n\t\t\t\t<\/h2>\n<p>Ob Sie gesch\u00e4ftswegen in Timisoara kamen, oder falls Sie einige Tage im Kleinen Wien verbringen wollen, steht Ihnen Pensiunea Voiaj zur Verf\u00fcgung mit Diensten Typ Pension, bei besonderer Qualit\u00e4t. Die gro\u00dfen, r\u00e4umigen, v\u00f6llig ausgestatteten und modernen Zimmern bieten Ihnen die Bequemlichkeit der eigenen Wohnung.<\/p>\n<p><em><strong>Rein, einfach, essentiell!<\/strong><\/em><\/p>\n<p><strong>Pensiunea<\/strong>\u00a0<strong>Voiaj<\/strong>\u00a0hat 14 Zimmer: Zweibettzimmer, welche auch als Einzelzimmer vermietet werden k\u00f6nnen, Doppelbettzimmer, Dreibettzimmer ideell f\u00fcr Familien und Gruppen.<\/p>\n<p>Falls Sie Ihre Hochzeit in Timisoara feiern wollen und Unterkunft f\u00fcr die G\u00e4ste brauchen stehen Ihnen unsere Preisrabatte f\u00fcr Gruppen zur Verf\u00fcgung !<\/p>\n<p>Ebenfalls bietet Ihnen unsere K\u00fcche alle Bedingungen dar zum Vorbereiten der feierlichen Mahlzeit und f\u00fcr den Morgenkaffee.<\/p>\n<h3>Die Pension Voiaj verf\u00fcgt \u00fcber die folgenden Einrichtungen:<\/h3>\n<p>\t\t\t        <!-- link opening --><br \/>\n                <a href=\"#\" target=\"_self\" rel=\"noopener\"><br \/>\n                <!-- end link opening --><\/p>\n<h2>\n                    SmartTV \/ Kabel TV                 <\/h2>\n<p>                <\/a><br \/>\n\t\t\t        <!-- link opening --><br \/>\n                <a href=\"#\" target=\"_self\" rel=\"noopener\"><br \/>\n                <!-- end link opening --><\/p>\n<h2>\n                    Klimaanlage                <\/h2>\n<p>                <\/a><br \/>\n\t\t\t        <!-- link opening --><br \/>\n                <a href=\"#\" target=\"_self\" rel=\"noopener\"><br \/>\n                <!-- end link opening --><\/p>\n<h3>\n                    Haartrockner                <\/h3>\n<p>                <\/a><br \/>\n\t\t\t        <!-- link opening --><br \/>\n                <a href=\"#\" target=\"_self\" rel=\"noopener\"><br \/>\n                <!-- end link opening --><\/p>\n<h2>\n                    Zimmer mit Dusche                <\/h2>\n<p>                <\/a><br \/>\n\t\t\t        <!-- link opening --><br \/>\n                <a href=\"#\" target=\"_self\" rel=\"noopener\"><br \/>\n                <!-- end link opening --><\/p>\n<h2>\n                    K\u00fchlschrank im Zimmer                <\/h2>\n<p>                <\/a><br \/>\n\t\t\t        <!-- link opening --><br \/>\n                <a href=\"#\" target=\"_self\" rel=\"noopener\"><br \/>\n                <!-- end link opening --><\/p>\n<h3>\n                    Eigene Heizung                <\/h3>\n<p>                <\/a><br \/>\n\t\t\t\t\t\t\t<a href=\"https:\/\/pensiuneavoiaj.ro\/tarife\/\" ><br \/>\n\t\t\t\t\tTarife\t\t\t\t<\/a><\/p>\n<h3>Wichtige Sehensw\u00fcrdigkeiten in der Umgebung der Pension:<\/h3>\n<h6>\n<ul>\n<li><em><a href=\"http:\/\/goo.gl\/wPmLT\" target=\"_blank\" rel=\"noopener\">Iulius Mall<\/a><\/em><\/li>\n<\/ul>\n<ul>\n<li><em><a href=\"http:\/\/goo.gl\/vnVx4\" target=\"_blank\" rel=\"noopener\">Piata 700<\/a><\/em><\/li>\n<\/ul>\n<ul>\n<li><em><a href=\"http:\/\/goo.gl\/uK5iB\" target=\"_blank\" rel=\"noopener\">Selgros<\/a><\/em><\/li>\n<\/ul>\n<ul>\n<li><em><a href=\"http:\/\/goo.gl\/8t0w6\" target=\"_blank\" rel=\"noopener\">Aeroportul International Traian Vuia<\/a><\/em><\/li>\n<\/ul>\n<ul>\n<li><em><a href=\"http:\/\/goo.gl\/s7XYo\" target=\"_blank\" rel=\"noopener\">Hornbach Timisoara<\/a><\/em><\/li>\n<\/ul>\n<ul>\n<li><em><a href=\"http:\/\/goo.gl\/A9rvy\" target=\"_blank\" rel=\"noopener\">Universitatea de Stiinte Agricole si Medicina Veterinara a Banatului<\/a><\/em><\/li>\n<\/ul>\n<ul>\n<li><em><a href=\"http:\/\/goo.gl\/NA4xm\" target=\"_blank\" rel=\"noopener\">Vista Vision &#8211; clinica oftalmologie<\/a><\/em><\/li>\n<\/ul>\n<ul>\n<li><em><a href=\"http:\/\/goo.gl\/rXVgN\" target=\"_blank\" rel=\"noopener\">Dr. Aljobory<\/a><\/em><\/li>\n<\/ul>\n<ul>\n<li><em><a href=\"http:\/\/goo.gl\/HQScU\" target=\"_blank\" rel=\"noopener\">Clinica Medvarix<\/a><\/em><\/li>\n<\/ul>\n<ul>\n<li><em><a href=\"http:\/\/goo.gl\/90KGC\" target=\"_blank\" rel=\"noopener\">Reprezentanta Mercedes Benz &#8211; Autoklass Center<\/a><\/em><\/li>\n<\/ul>\n<ul>\n<li><em><a href=\"http:\/\/goo.gl\/YNGbb\" target=\"_blank\" rel=\"noopener\">Romstal<\/a><\/em><\/li>\n<\/ul>\n<ul>\n<li><em><a href=\"http:\/\/goo.gl\/2Qitn\" target=\"_blank\" rel=\"noopener\">Lidl<\/a><\/em><\/li>\n<\/ul>\n<ul>\n<li><em><a href=\"http:\/\/goo.gl\/2Qitn\" target=\"_blank\" rel=\"noopener\">Auchan Nord<\/a><\/em><\/li>\n<\/ul>\n<ul>\n<li><em><a href=\"http:\/\/goo.gl\/2Qitn\" target=\"_blank\" rel=\"noopener\">Profi<\/a><\/em><\/li>\n<\/ul>\n<\/h6>\n<h6>\n<ul>\n<li><em><a href=\"http:\/\/goo.gl\/Zbc4h\" target=\"_blank\" rel=\"noopener\">Auto Europa<\/a><\/em><\/li>\n<\/ul>\n<ul>\n<li><em><a href=\"http:\/\/goo.gl\/JNZat\" target=\"_blank\" rel=\"noopener\">Brutaria Scalini<\/a><\/em><\/li>\n<\/ul>\n<ul>\n<li><em><a href=\"http:\/\/goo.gl\/1yX1Z\" target=\"_blank\" rel=\"noopener\">Aeroportul Utilitar Timisoara (Aerodromul Cioca)<\/a><\/em><\/li>\n<\/ul>\n<ul>\n<li><em><a href=\"http:\/\/goo.gl\/pl3iO\" target=\"_blank\" rel=\"noopener\">Serviciul Politiei Rutiere Timisoara<\/a><\/em><\/li>\n<\/ul>\n<ul>\n<li><em><a href=\"http:\/\/goo.gl\/qvJhd\" target=\"_blank\" rel=\"noopener\">Metro 2 Timisoara<\/a><\/em><\/li>\n<\/ul>\n<ul>\n<li><em><a href=\"http:\/\/goo.gl\/8vek2\" target=\"_blank\" rel=\"noopener\">Coca-Cola Timisoara<\/a><\/em><\/li>\n<\/ul>\n<ul>\n<li><em><a href=\"http:\/\/goo.gl\/fbtJw\" target=\"_blank\" rel=\"noopener\">Registrul Auto Roman<\/a><\/em><\/li>\n<\/ul>\n<ul>\n<li><em><a href=\"http:\/\/goo.gl\/QyLwG\" target=\"_blank\" rel=\"noopener\">Flextronics Romania<\/a><\/em><\/li>\n<\/ul>\n<ul>\n<li><em><a href=\"http:\/\/goo.gl\/Dj3Os\" target=\"_blank\" rel=\"noopener\">Parcul Industrial si Tehnologic Timisoara<\/a><\/em><\/li>\n<\/ul>\n<ul>\n<li><em><a href=\"http:\/\/goo.gl\/siWKl\" target=\"_blank\" rel=\"noopener\">Kaufland &#8211; str.Gheorghe Lazar<\/a><\/em><\/li>\n<\/ul>\n<ul>\n<li><em><a href=\"http:\/\/goo.gl\/aXNg5\" target=\"_blank\" rel=\"noopener\">Piata de Masini Mehala<\/a><\/em><\/li>\n<\/ul>\n<ul>\n<li><em><a href=\"http:\/\/goo.gl\/Um1PG\" target=\"_blank\" rel=\"noopener\">Piata de Gros Timisoara<\/a><\/em><\/li>\n<\/ul>\n<ul>\n<li><em><a href=\"http:\/\/goo.gl\/009tm\" target=\"_blank\" rel=\"noopener\">Tribunalul Timis &#8211; Judecatoria<\/a><a href=\"http:\/\/goo.gl\/009tm\" target=\"_blank\" rel=\"noopener\"> Timisoara<\/a><\/em><\/li>\n<\/ul>\n<ul>\n<li><em><a href=\"http:\/\/goo.gl\/2Qitn\" target=\"_blank\" rel=\"noopener\">Vox Technology Park<\/a><\/em><\/li>\n<\/ul>\n<\/h6>\n<p>\t\t\t\t\t\t\t\t\t\t\t\t0<\/p>\n<h3>Suport clienti<\/h3>\n<p>\t\t\t\t\t\t\t\t\t\t\t\t0<br \/>\n\t\t\t\t\t\t+\t\t\t\t\t\t\t\t\t\t\t<\/p>\n<h3>Clienti multumiti<\/h3>\n<p>\t\t\t\t\t\t\t\t\t\t\t\t0<br \/>\n\t\t\t\t\t\t+\t\t\t\t\t\t\t\t\t\t\t<\/p>\n<h3>Rezervari facute<\/h3>\n<p>\t\t\t\t\t\t\t\t\t\t\t\t\t\t\t<img decoding=\"async\" width=\"640\" height=\"960\" src=\"https:\/\/pensiuneavoiaj.ro\/wp-content\/uploads\/2021\/10\/vintage-contact.jpg\" alt=\"\" loading=\"lazy\" srcset=\"https:\/\/pensiuneavoiaj.ro\/wp-content\/uploads\/2021\/10\/vintage-contact.jpg 640w, https:\/\/pensiuneavoiaj.ro\/wp-content\/uploads\/2021\/10\/vintage-contact-200x300.jpg 200w, https:\/\/pensiuneavoiaj.ro\/wp-content\/uploads\/2021\/10\/vintage-contact-8x12.jpg 8w\" sizes=\"auto, (max-width: 640px) 100vw, 640px\" \/>\t\t\t\t\t\t\t\t\t\t\t\t\t\t\t<\/p>\n<h3>Faceti o rezervare:<\/h3>\n<style>.elementor-widget-container .fm-form-container, .elementor-widget-container .fm-form-container label, .elementor-widget-container .fm-form-container input, .elementor-widget-container .fm-form-container textarea, .elementor-widget-container .fm-form-container select, .elementor-widget-container .fm-form-container button, .elementor-widget-container .fm-form-container  .fm-message { font-family: Roboto; font-weight: 400; color: #7a7a7a}<\/style>\n<form name=\"form6\" action=\"\/wp-admin\/admin-ajax.php\" method=\"post\" id=\"form6\" enctype=\"multipart\/form-data\"><input type=\"hidden\" id=\"counter6\" value=\"9\" name=\"counter6\" \/><input type=\"hidden\" id=\"Itemid6\" value=\"\" name=\"Itemid6\" \/><input type=\"hidden\" id=\"fm_shake6\" value=\"1\" name=\"fm_shake6\" \/><input type=\"text\" id=\"fm_empty_field_validation6\" value=\"\" name=\"fm_empty_field_validation6\" data-value=\"bd736efb144d599cf463541431fbf5c4\" \/>    <label  for=\"wdform_2_element6\">Nume<\/label>*<input type=\"text\"                                                     id=\"wdform_2_element6\"                           name=\"wdform_2_element6\"                           value=\"\"                           title=\"\"                           placeholder=\"\"                                                       \/>    <label  for=\"wdform_3_element6\">Prenume<\/label>*<input type=\"text\"                                                     id=\"wdform_3_element6\"                           name=\"wdform_3_element6\"                           value=\"\"                           title=\"\"                           placeholder=\"\"                                                       \/>    <label  for=\"wdform_4_element6\">Telefon<\/label>*<input type=\"text\"                                             id=\"wdform_4_element6\"                       name=\"wdform_4_element6\"                       value=\"\"                       placeholder=\"\"  \/>    <label  for=\"wdform_5_element6\">Email<\/label>*<input type=\"text\" id=\"wdform_5_element6\" name=\"wdform_5_element6\" value=\"\" title=\"\" placeholder=\"\"   onchange=\"wd_check_email('5', '6', 'Aceasta nu este o adres\u0103 de e-mail valid\u0103.')\" \/>    <label  for=\"wdform_6_element6\">De la:<\/label>*<input autocomplete=\"off\" onchange=\"wd_validate(this)\" data-form-id=\"6\" data-wdid=\"6\" data-valid-type=\"date\" type=\"text\" id=\"wdform_6_element6\" value=\"\" name=\"wdform_6_element6\"   \/><input type=\"hidden\" data-format=\"dd\/mm\/yy\" data-min=\"\" data-max=\"\" id=\"wdform_6_button6\" value=\"\" \/>    <label  for=\"wdform_7_element6\">Pana la:<\/label>*<input autocomplete=\"off\" onchange=\"wd_validate(this)\" data-form-id=\"6\" data-wdid=\"7\" data-valid-type=\"date\" type=\"text\" id=\"wdform_7_element6\" value=\"\" name=\"wdform_7_element6\"   \/><input type=\"hidden\" data-format=\"dd\/mm\/yy\" data-min=\"\" data-max=\"\" id=\"wdform_7_button6\" value=\"\" \/>    <label  for=\"wdform_8_element6\">Mesaj:<\/label><textarea                      id=\"wdform_8_element6\"                      name=\"wdform_8_element6\"                      placeholder=\"\"                      maxlength=\"\"                      style=\"height: 100px;\"                      ><\/textarea><button disabled=\"disabled\" type=\"button\"   data-ajax=\"0\">Trimite<\/button><button disabled=\"disabled\" type=\"button\"  >Reset<\/button><\/form>\n","protected":false},"excerpt":{"rendered":"<p>Pensiunea Voiaj Unterkunft Timisoara Rein, einfach, essentiell Ob Sie gesch\u00e4ftswegen in Timisoara kamen, oder falls Sie einige Tage im Kleinen Wien verbringen wollen, steht Ihnen. Pensiunea Voiaj zur Verf\u00fcgung mit Diensten Typ Pension, bei besonderer Qualit\u00e4t. Die gro\u00dfen, r\u00e4umigen, v\u00f6llig ausgestatteten und modernen Zimmern bieten Ihnen die Bequemlichkeit der eigenen Wohnung. Rein, einfach, essentiell! \u00dcber&hellip; <a class=\"more-link\" href=\"https:\/\/pensiuneavoiaj.ro\/de\/\"><span class=\"screen-reader-text\">Cazare Timisoara, Pensiuni Timisoara<\/span> weiterlesen<\/a><\/p>\n","protected":false},"author":1,"featured_media":0,"parent":0,"menu_order":0,"comment_status":"closed","ping_status":"closed","template":"elementor_header_footer","meta":{"ngg_post_thumbnail":0,"footnotes":""},"class_list":["post-12","page","type-page","status-publish","hentry","entry"],"translation":{"provider":"WPGlobus","version":"2.12.2","language":"de","enabled_languages":["ro","en","de","hu","it"],"languages":{"ro":{"title":true,"content":true,"excerpt":false},"en":{"title":true,"content":true,"excerpt":false},"de":{"title":false,"content":true,"excerpt":false},"hu":{"title":false,"content":true,"excerpt":false},"it":{"title":false,"content":true,"excerpt":false}}},"yoast_head":"<!-- This site is optimized with the Yoast SEO plugin v21.2 - https:\/\/yoast.com\/wordpress\/plugins\/seo\/ -->\n<title>- Cazare Timisoara, Pensiuni Timisoara<\/title>\n<meta name=\"robots\" content=\"index, follow, max-snippet:-1, max-image-preview:large, max-video-preview:-1\" \/>\n<link rel=\"canonical\" href=\"https:\/\/pensiuneavoiaj.ro\/\" \/>\n<meta property=\"og:locale\" content=\"de_DE\" \/>\n<meta property=\"og:type\" content=\"article\" \/>\n<meta property=\"og:title\" content=\"- Cazare Timisoara, Pensiuni Timisoara\" \/>\n<meta property=\"og:url\" content=\"https:\/\/pensiuneavoiaj.ro\/\" \/>\n<meta property=\"og:site_name\" content=\"Cazare Timisoara, Pensiuni Timisoara\" \/>\n<meta property=\"article:modified_time\" content=\"2025-05-02T09:04:14+00:00\" \/>\n<meta property=\"og:image\" content=\"https:\/\/pensiuneavoiaj.ro\/wp-content\/uploads\/2021\/10\/vintage-contact.jpg\" \/>\n<meta name=\"twitter:card\" content=\"summary_large_image\" \/>\n<meta name=\"twitter:label1\" content=\"Gesch\u00e4tzte Lesezeit\" \/>\n\t<meta name=\"twitter:data1\" content=\"3\u00a0Minuten\" \/>\n<script type=\"application\/ld+json\" class=\"yoast-schema-graph\">{\"@context\":\"https:\/\/schema.org\",\"@graph\":[{\"@type\":\"WebPage\",\"@id\":\"https:\/\/pensiuneavoiaj.ro\/\",\"url\":\"https:\/\/pensiuneavoiaj.ro\/\",\"name\":\"- Cazare Timisoara, Pensiuni Timisoara\",\"isPartOf\":{\"@id\":\"https:\/\/pensiuneavoiaj.ro\/#website\"},\"datePublished\":\"2021-09-30T10:43:24+00:00\",\"dateModified\":\"2025-05-02T09:04:14+00:00\",\"inLanguage\":\"de\",\"potentialAction\":[{\"@type\":\"ReadAction\",\"target\":[\"https:\/\/pensiuneavoiaj.ro\/\"]}]},{\"@type\":\"WebSite\",\"@id\":\"https:\/\/pensiuneavoiaj.ro\/#website\",\"url\":\"https:\/\/pensiuneavoiaj.ro\/\",\"name\":\"Cazare Timisoara, Pensiuni Timisoara\",\"description\":\"Cazare la Vila Voiaj Timisoara\",\"potentialAction\":[{\"@type\":\"SearchAction\",\"target\":{\"@type\":\"EntryPoint\",\"urlTemplate\":\"https:\/\/pensiuneavoiaj.ro\/?s={search_term_string}\"},\"query-input\":\"required name=search_term_string\"}],\"inLanguage\":\"de\"}]}<\/script>\n<!-- \/ Yoast SEO plugin. -->","yoast_head_json":{"title":"- Cazare Timisoara, Pensiuni Timisoara","robots":{"index":"index","follow":"follow","max-snippet":"max-snippet:-1","max-image-preview":"max-image-preview:large","max-video-preview":"max-video-preview:-1"},"canonical":"https:\/\/pensiuneavoiaj.ro\/","og_locale":"de_DE","og_type":"article","og_title":"- Cazare Timisoara, Pensiuni Timisoara","og_url":"https:\/\/pensiuneavoiaj.ro\/","og_site_name":"Cazare Timisoara, Pensiuni Timisoara","article_modified_time":"2025-05-02T09:04:14+00:00","og_image":[{"url":"https:\/\/pensiuneavoiaj.ro\/wp-content\/uploads\/2021\/10\/vintage-contact.jpg"}],"twitter_card":"summary_large_image","twitter_misc":{"Gesch\u00e4tzte Lesezeit":"3\u00a0Minuten"},"schema":{"@context":"https:\/\/schema.org","@graph":[{"@type":"WebPage","@id":"https:\/\/pensiuneavoiaj.ro\/","url":"https:\/\/pensiuneavoiaj.ro\/","name":"- Cazare Timisoara, Pensiuni Timisoara","isPartOf":{"@id":"https:\/\/pensiuneavoiaj.ro\/#website"},"datePublished":"2021-09-30T10:43:24+00:00","dateModified":"2025-05-02T09:04:14+00:00","inLanguage":"de","potentialAction":[{"@type":"ReadAction","target":["https:\/\/pensiuneavoiaj.ro\/"]}]},{"@type":"WebSite","@id":"https:\/\/pensiuneavoiaj.ro\/#website","url":"https:\/\/pensiuneavoiaj.ro\/","name":"Cazare Timisoara, Pensiuni Timisoara","description":"Cazare la Vila Voiaj Timisoara","potentialAction":[{"@type":"SearchAction","target":{"@type":"EntryPoint","urlTemplate":"https:\/\/pensiuneavoiaj.ro\/?s={search_term_string}"},"query-input":"required name=search_term_string"}],"inLanguage":"de"}]}},"_links":{"self":[{"href":"https:\/\/pensiuneavoiaj.ro\/de\/wp-json\/wp\/v2\/pages\/12","targetHints":{"allow":["GET"]}}],"collection":[{"href":"https:\/\/pensiuneavoiaj.ro\/de\/wp-json\/wp\/v2\/pages"}],"about":[{"href":"https:\/\/pensiuneavoiaj.ro\/de\/wp-json\/wp\/v2\/types\/page"}],"author":[{"embeddable":true,"href":"https:\/\/pensiuneavoiaj.ro\/de\/wp-json\/wp\/v2\/users\/1"}],"replies":[{"embeddable":true,"href":"https:\/\/pensiuneavoiaj.ro\/de\/wp-json\/wp\/v2\/comments?post=12"}],"version-history":[{"count":581,"href":"https:\/\/pensiuneavoiaj.ro\/de\/wp-json\/wp\/v2\/pages\/12\/revisions"}],"predecessor-version":[{"id":2000,"href":"https:\/\/pensiuneavoiaj.ro\/de\/wp-json\/wp\/v2\/pages\/12\/revisions\/2000"}],"wp:attachment":[{"href":"https:\/\/pensiuneavoiaj.ro\/de\/wp-json\/wp\/v2\/media?parent=12"}],"curies":[{"name":"wp","href":"https:\/\/api.w.org\/{rel}","templated":true}]}}