{"id":14,"date":"2021-09-30T10:43:42","date_gmt":"2021-09-30T10:43:42","guid":{"rendered":"https:\/\/pensiuneavoiaj.ro\/?page_id=14"},"modified":"2025-05-02T08:35:30","modified_gmt":"2025-05-02T08:35:30","slug":"despre-noi","status":"publish","type":"page","link":"https:\/\/pensiuneavoiaj.ro\/de\/despre-noi\/","title":{"rendered":"Despre noi"},"content":{"rendered":"<h3>\u00dcber uns<\/h3>\n<p>Ob Sie gesch\u00e4ftswegen in Timisoara kamen, oder falls Sie einige Tage im Kleinen Wien verbringen wollen, steht Ihnen Pensiunea Voiaj zur Verf\u00fcgung mit Diensten Typ Pension, bei besonderer Qualit\u00e4t. Die gro\u00dfen, r\u00e4umigen, v\u00f6llig ausgestatteten und modernen Zimmern bieten Ihnen die Bequemlichkeit der eigenen Wohnung.<\/p>\n<p><em><strong>Rein, einfach, essentiell!<\/strong><\/em><\/p>\n<p><strong>Pensiunea<\/strong>\u00a0<strong>Voiaj<\/strong>\u00a0hat 14 Zimmer: Zweibettzimmer, welche auch als Einzelzimmer vermietet werden k\u00f6nnen, Doppelbettzimmer, Dreibettzimmer ideell f\u00fcr Familien und Gruppen.<\/p>\n<p>Falls Sie Ihre Hochzeit in Timisoara feiern wollen und Unterkunft f\u00fcr die G\u00e4ste brauchen stehen Ihnen unsere Preisrabatte f\u00fcr Gruppen zur Verf\u00fcgung !<\/p>\n<p>Ebenfalls bietet Ihnen unsere K\u00fcche alle Bedingungen dar zum Vorbereiten der feierlichen Mahlzeit und f\u00fcr den Morgenkaffee.<\/p>\n<p>\t\t\t\t\t\t\t\t\t\t\t\t\t\t\t<img decoding=\"async\" width=\"640\" height=\"480\" src=\"https:\/\/pensiuneavoiaj.ro\/wp-content\/uploads\/2021\/10\/14.jpg\" alt=\"\" loading=\"lazy\" srcset=\"https:\/\/pensiuneavoiaj.ro\/wp-content\/uploads\/2021\/10\/14.jpg 640w, https:\/\/pensiuneavoiaj.ro\/wp-content\/uploads\/2021\/10\/14-300x225.jpg 300w\" sizes=\"auto, (max-width: 640px) 100vw, 640px\" \/>\t\t\t\t\t\t\t\t\t\t\t\t\t\t\t<\/p>\n<h5>Pensiunea Voiaj bietet ihren Kunden auch folgende zus\u00e4tzliche Dienste an :<\/h5>\n<p>\t\t\t        <!-- link opening --><br \/>\n                <a href=\"#\" target=\"_self\" rel=\"\"><br \/>\n                <!-- end link opening --><\/p>\n<h2>\n                    Kostenpflichtiges Parken                <\/h2>\n<p>Video\u00fcberwachung<\/p>\n<p>                <\/a><br \/>\n\t\t\t        <!-- link opening --><br \/>\n                <a href=\"#\" target=\"_self\" rel=\"\"><br \/>\n                <!-- end link opening --><\/p>\n<h3>\n                    Taxibestellung                <\/h3>\n<p>                <\/a><br \/>\n\t\t\t        <!-- link opening --><br \/>\n                <a href=\"#\" target=\"_self\" rel=\"\"><br \/>\n                <!-- end link opening --><\/p>\n<h3>\n                    Rezeption                <\/h3>\n<p>Check-in 14.00-22.00<br \/>\nCheck-out 08.00-11.00<\/p>\n<p>                <\/a><br \/>\n\t\t\t        <!-- link opening --><br \/>\n                <a href=\"#\" target=\"_self\" rel=\"\"><br \/>\n                <!-- end link opening --><\/p>\n<h3>\n                    Pizzabestellung\/Catering bestellen                <\/h3>\n<p>                <\/a><br \/>\n\t\t\t        <!-- link opening --><br \/>\n                <a href=\"#\" target=\"_self\" rel=\"\"><br \/>\n                <!-- end link opening --><\/p>\n<h3>\n                    Wi-fi                 <\/h3>\n<p>Kostenloses<\/p>\n<p>                <\/a><\/p>\n","protected":false},"excerpt":{"rendered":"<p>\u00dcber uns Ob Sie gesch\u00e4ftswegen in Timisoara kamen, oder falls Sie einige Tage im Kleinen Wien verbringen wollen, steht Ihnen Pensiunea Voiaj zur Verf\u00fcgung mit Diensten Typ Pension, bei besonderer Qualit\u00e4t. Die gro\u00dfen, r\u00e4umigen, v\u00f6llig ausgestatteten und modernen Zimmern bieten Ihnen die Bequemlichkeit der eigenen Wohnung. Rein, einfach, essentiell! Pensiunea\u00a0Voiaj\u00a0hat 14 Zimmer: Zweibettzimmer, welche auch&hellip; <a class=\"more-link\" href=\"https:\/\/pensiuneavoiaj.ro\/de\/despre-noi\/\"><span class=\"screen-reader-text\">Despre noi<\/span> weiterlesen<\/a><\/p>\n","protected":false},"author":1,"featured_media":0,"parent":0,"menu_order":0,"comment_status":"closed","ping_status":"closed","template":"elementor_header_footer","meta":{"ngg_post_thumbnail":0,"footnotes":""},"class_list":["post-14","page","type-page","status-publish","hentry","entry"],"translation":{"provider":"WPGlobus","version":"2.12.2","language":"de","enabled_languages":["ro","en","de","hu","it"],"languages":{"ro":{"title":true,"content":true,"excerpt":false},"en":{"title":true,"content":true,"excerpt":false},"de":{"title":false,"content":true,"excerpt":false},"hu":{"title":false,"content":true,"excerpt":false},"it":{"title":false,"content":true,"excerpt":false}}},"yoast_head":"<!-- This site is optimized with the Yoast SEO plugin v21.2 - https:\/\/yoast.com\/wordpress\/plugins\/seo\/ -->\n<title>- Cazare Timisoara, Pensiuni Timisoara<\/title>\n<meta name=\"robots\" content=\"index, follow, max-snippet:-1, max-image-preview:large, max-video-preview:-1\" \/>\n<link rel=\"canonical\" href=\"https:\/\/pensiuneavoiaj.ro\/despre-noi\/\" \/>\n<meta property=\"og:locale\" content=\"de_DE\" \/>\n<meta property=\"og:type\" content=\"article\" \/>\n<meta property=\"og:title\" content=\"- Cazare Timisoara, Pensiuni Timisoara\" \/>\n<meta property=\"og:url\" content=\"https:\/\/pensiuneavoiaj.ro\/despre-noi\/\" \/>\n<meta property=\"og:site_name\" content=\"Cazare Timisoara, Pensiuni Timisoara\" \/>\n<meta property=\"article:modified_time\" content=\"2025-05-02T08:35:30+00:00\" \/>\n<meta property=\"og:image\" content=\"https:\/\/pensiuneavoiaj.ro\/wp-content\/uploads\/2021\/10\/cazare-pensiune-timisoara-vila-voiaj-cladire1-1.jpg\" \/>\n<meta name=\"twitter:card\" content=\"summary_large_image\" \/>\n<meta name=\"twitter:label1\" content=\"Gesch\u00e4tzte Lesezeit\" \/>\n\t<meta name=\"twitter:data1\" content=\"1\u00a0Minute\" \/>\n<script type=\"application\/ld+json\" class=\"yoast-schema-graph\">{\"@context\":\"https:\/\/schema.org\",\"@graph\":[{\"@type\":\"WebPage\",\"@id\":\"https:\/\/pensiuneavoiaj.ro\/despre-noi\/\",\"url\":\"https:\/\/pensiuneavoiaj.ro\/despre-noi\/\",\"name\":\"- Cazare Timisoara, Pensiuni Timisoara\",\"isPartOf\":{\"@id\":\"https:\/\/pensiuneavoiaj.ro\/#website\"},\"datePublished\":\"2021-09-30T10:43:42+00:00\",\"dateModified\":\"2025-05-02T08:35:30+00:00\",\"inLanguage\":\"de\",\"potentialAction\":[{\"@type\":\"ReadAction\",\"target\":[\"https:\/\/pensiuneavoiaj.ro\/despre-noi\/\"]}]},{\"@type\":\"WebSite\",\"@id\":\"https:\/\/pensiuneavoiaj.ro\/#website\",\"url\":\"https:\/\/pensiuneavoiaj.ro\/\",\"name\":\"Cazare Timisoara, Pensiuni Timisoara\",\"description\":\"Cazare la Vila Voiaj Timisoara\",\"potentialAction\":[{\"@type\":\"SearchAction\",\"target\":{\"@type\":\"EntryPoint\",\"urlTemplate\":\"https:\/\/pensiuneavoiaj.ro\/?s={search_term_string}\"},\"query-input\":\"required name=search_term_string\"}],\"inLanguage\":\"de\"}]}<\/script>\n<!-- \/ Yoast SEO plugin. -->","yoast_head_json":{"title":"- Cazare Timisoara, Pensiuni Timisoara","robots":{"index":"index","follow":"follow","max-snippet":"max-snippet:-1","max-image-preview":"max-image-preview:large","max-video-preview":"max-video-preview:-1"},"canonical":"https:\/\/pensiuneavoiaj.ro\/despre-noi\/","og_locale":"de_DE","og_type":"article","og_title":"- Cazare Timisoara, Pensiuni Timisoara","og_url":"https:\/\/pensiuneavoiaj.ro\/despre-noi\/","og_site_name":"Cazare Timisoara, Pensiuni Timisoara","article_modified_time":"2025-05-02T08:35:30+00:00","og_image":[{"url":"https:\/\/pensiuneavoiaj.ro\/wp-content\/uploads\/2021\/10\/cazare-pensiune-timisoara-vila-voiaj-cladire1-1.jpg"}],"twitter_card":"summary_large_image","twitter_misc":{"Gesch\u00e4tzte Lesezeit":"1\u00a0Minute"},"schema":{"@context":"https:\/\/schema.org","@graph":[{"@type":"WebPage","@id":"https:\/\/pensiuneavoiaj.ro\/despre-noi\/","url":"https:\/\/pensiuneavoiaj.ro\/despre-noi\/","name":"- Cazare Timisoara, Pensiuni Timisoara","isPartOf":{"@id":"https:\/\/pensiuneavoiaj.ro\/#website"},"datePublished":"2021-09-30T10:43:42+00:00","dateModified":"2025-05-02T08:35:30+00:00","inLanguage":"de","potentialAction":[{"@type":"ReadAction","target":["https:\/\/pensiuneavoiaj.ro\/despre-noi\/"]}]},{"@type":"WebSite","@id":"https:\/\/pensiuneavoiaj.ro\/#website","url":"https:\/\/pensiuneavoiaj.ro\/","name":"Cazare Timisoara, Pensiuni Timisoara","description":"Cazare la Vila Voiaj Timisoara","potentialAction":[{"@type":"SearchAction","target":{"@type":"EntryPoint","urlTemplate":"https:\/\/pensiuneavoiaj.ro\/?s={search_term_string}"},"query-input":"required name=search_term_string"}],"inLanguage":"de"}]}},"_links":{"self":[{"href":"https:\/\/pensiuneavoiaj.ro\/de\/wp-json\/wp\/v2\/pages\/14","targetHints":{"allow":["GET"]}}],"collection":[{"href":"https:\/\/pensiuneavoiaj.ro\/de\/wp-json\/wp\/v2\/pages"}],"about":[{"href":"https:\/\/pensiuneavoiaj.ro\/de\/wp-json\/wp\/v2\/types\/page"}],"author":[{"embeddable":true,"href":"https:\/\/pensiuneavoiaj.ro\/de\/wp-json\/wp\/v2\/users\/1"}],"replies":[{"embeddable":true,"href":"https:\/\/pensiuneavoiaj.ro\/de\/wp-json\/wp\/v2\/comments?post=14"}],"version-history":[{"count":193,"href":"https:\/\/pensiuneavoiaj.ro\/de\/wp-json\/wp\/v2\/pages\/14\/revisions"}],"predecessor-version":[{"id":1955,"href":"https:\/\/pensiuneavoiaj.ro\/de\/wp-json\/wp\/v2\/pages\/14\/revisions\/1955"}],"wp:attachment":[{"href":"https:\/\/pensiuneavoiaj.ro\/de\/wp-json\/wp\/v2\/media?parent=14"}],"curies":[{"name":"wp","href":"https:\/\/api.w.org\/{rel}","templated":true}]}}